{"id":120,"date":"2020-05-09T20:25:28","date_gmt":"2020-05-09T20:25:28","guid":{"rendered":"https:\/\/columbarioscristodelavictoria.archimadrid.es\/?page_id=120"},"modified":"2021-11-01T06:14:48","modified_gmt":"2021-11-01T06:14:48","slug":"la-iglesia-habla-sobre-la-cremacion","status":"publish","type":"page","link":"https:\/\/columbarioscristodelavictoria.archimadrid.es\/?page_id=120","title":{"rendered":"La Iglesia habla sobre la cremaci\u00f3n"},"content":{"rendered":"\n<p class=\"has-background\" style=\"background-color:#f7eddb\">Muchos cat\u00f3licos siguen pensando que la incineraci\u00f3n o cremaci\u00f3n es rechazada por la Iglesia. Lo cierto es que nuestra Madre aconseja mejor la inhumaci\u00f3n de los cuerpos (\u00abin-humus\u00bb, \u00aben-tierra\u00bb, de donde viene el t\u00e9rmino \u00abenterrar\u00bb), pero hasta hace poco tiempo nunca hab\u00eda emitido un juicio sobre la cremaci\u00f3n como tal. Para salir al paso de los rumores y para poner luz en la conciencia de los cat\u00f3licos ante  la creciente demanda de la cremaci\u00f3n, la Congregaci\u00f3n para la Doctrina de la Fe sac\u00f3 un documento precioso en 2016, la Instrucci\u00f3n \u00abAd resurgendum cum Christo\u00bb. De este modo, se produjo un esperado pronunciamiento del Magisterio de la Iglesia. De hecho, en nuestro caso, es el punto de partida del proyecto de nuestros Columbarios parroquiales.  A dicha Instrucci\u00f3n se a\u00f1ade ahora otra instrucci\u00f3n publicada en 2020 por la Conferencia Episcopal Espa\u00f1ola, <em>Un Dios de vivos<\/em>. Aqu\u00ed debajo puedes leer ambos documentos. <\/p>\n\n\n\n<p class=\"has-background\" style=\"background-color:#edb796\">Lee la Instrucci\u00f3n <em>Ad resurgendum cum Christo<\/em>  de la Congregaci\u00f3n para la Doctrina de la Fe pulsando <a href=\"https:\/\/columbarioscristodelavictoria.archimadrid.es\/wp-content\/uploads\/2020\/10\/Ad-resurgendum-cum-Christo-WEB_compressed.pdf\">aqu\u00ed<\/a>. <\/p>\n\n\n\n<p class=\"has-text-color has-background\" style=\"background-color:#ebd391;color:#080807\">Lee la Instrucci\u00f3n <em>Un Dios de vivo<\/em>s, de la Conferencia Episcopal Espa\u00f1ola pulsando <a href=\"https:\/\/columbarioscristodelavictoria.archimadrid.es\/wp-content\/uploads\/2021\/03\/2020-Instruccion-pastoral-22Un-Dios-de-vivos22-16-de-diciembre-2020-.pdf\">aqu\u00ed<\/a>. <\/p>\n","protected":false},"excerpt":{"rendered":"<p>Muchos cat\u00f3licos siguen pensando que la incineraci\u00f3n o cremaci\u00f3n es rechazada por la Iglesia. Lo cierto es que nuestra Madre aconseja mejor la inhumaci\u00f3n de los cuerpos (\u00abin-humus\u00bb, \u00aben-tierra\u00bb, de donde viene el t\u00e9rmino \u00abenterrar\u00bb), pero hasta hace poco tiempo nunca hab\u00eda emitido un juicio sobre la cremaci\u00f3n como tal. Para salir al paso de &hellip; <\/p>\n<p class=\"link-more\"><a href=\"https:\/\/columbarioscristodelavictoria.archimadrid.es\/?page_id=120\" class=\"more-link\">Continuar leyendo<span class=\"screen-reader-text\"> \u00abLa Iglesia habla sobre la cremaci\u00f3n\u00bb<\/span><\/a><\/p>\n","protected":false},"author":4,"featured_media":0,"parent":0,"menu_order":0,"comment_status":"closed","ping_status":"closed","template":"","meta":{"footnotes":""},"class_list":["post-120","page","type-page","status-publish","hentry"],"jetpack_sharing_enabled":true,"_links":{"self":[{"href":"https:\/\/columbarioscristodelavictoria.archimadrid.es\/index.php?rest_route=\/wp\/v2\/pages\/120","targetHints":{"allow":["GET"]}}],"collection":[{"href":"https:\/\/columbarioscristodelavictoria.archimadrid.es\/index.php?rest_route=\/wp\/v2\/pages"}],"about":[{"href":"https:\/\/columbarioscristodelavictoria.archimadrid.es\/index.php?rest_route=\/wp\/v2\/types\/page"}],"author":[{"embeddable":true,"href":"https:\/\/columbarioscristodelavictoria.archimadrid.es\/index.php?rest_route=\/wp\/v2\/users\/4"}],"replies":[{"embeddable":true,"href":"https:\/\/columbarioscristodelavictoria.archimadrid.es\/index.php?rest_route=%2Fwp%2Fv2%2Fcomments&post=120"}],"version-history":[{"count":13,"href":"https:\/\/columbarioscristodelavictoria.archimadrid.es\/index.php?rest_route=\/wp\/v2\/pages\/120\/revisions"}],"predecessor-version":[{"id":318,"href":"https:\/\/columbarioscristodelavictoria.archimadrid.es\/index.php?rest_route=\/wp\/v2\/pages\/120\/revisions\/318"}],"wp:attachment":[{"href":"https:\/\/columbarioscristodelavictoria.archimadrid.es\/index.php?rest_route=%2Fwp%2Fv2%2Fmedia&parent=120"}],"curies":[{"name":"wp","href":"https:\/\/api.w.org\/{rel}","templated":true}]}}