{"id":15,"date":"2020-04-22T14:14:56","date_gmt":"2020-04-22T14:14:56","guid":{"rendered":"https:\/\/columbarioscristodelavictoria.archimadrid.es\/?page_id=15"},"modified":"2023-02-22T15:56:01","modified_gmt":"2023-02-22T15:56:01","slug":"hoja-informativa","status":"publish","type":"page","link":"https:\/\/columbarioscristodelavictoria.archimadrid.es\/?page_id=15","title":{"rendered":"Hoja informativa y placas"},"content":{"rendered":"\n<p class=\"has-very-light-gray-background-color has-text-color has-background\" style=\"color:#34419a\">Para leer la hoja informativa de los Columbarios, pulsa <a href=\"https:\/\/columbarioscristodelavictoria.archimadrid.es\/wp-content\/uploads\/2022\/01\/Informaciones-y-procedimiento-de-la-solicitud-4.0_compressed.pdf\">aqu\u00ed<\/a>:   <\/p>\n\n\n\n<p class=\"has-text-color has-background\" style=\"color:#505359;background-color:#dedede\">Para las PLACAS DE INSCRIPCI\u00d3N de nombres, puedes descargarte el formulario autorrellenable (a ordenador), <a href=\"https:\/\/columbarioscristodelavictoria.archimadrid.es\/wp-content\/uploads\/2023\/01\/Placas-de-inscripcion-editable_compressed.pdf\">pulsando aqu\u00ed.<\/a> <\/p>\n\n\n\n<p><\/p>\n","protected":false},"excerpt":{"rendered":"<p>Para leer la hoja informativa de los Columbarios, pulsa aqu\u00ed: Para las PLACAS DE INSCRIPCI\u00d3N de nombres, puedes descargarte el formulario autorrellenable (a ordenador), pulsando aqu\u00ed.<\/p>\n","protected":false},"author":4,"featured_media":75,"parent":0,"menu_order":0,"comment_status":"closed","ping_status":"closed","template":"","meta":{"footnotes":""},"class_list":["post-15","page","type-page","status-publish","has-post-thumbnail","hentry"],"jetpack_sharing_enabled":true,"_links":{"self":[{"href":"https:\/\/columbarioscristodelavictoria.archimadrid.es\/index.php?rest_route=\/wp\/v2\/pages\/15","targetHints":{"allow":["GET"]}}],"collection":[{"href":"https:\/\/columbarioscristodelavictoria.archimadrid.es\/index.php?rest_route=\/wp\/v2\/pages"}],"about":[{"href":"https:\/\/columbarioscristodelavictoria.archimadrid.es\/index.php?rest_route=\/wp\/v2\/types\/page"}],"author":[{"embeddable":true,"href":"https:\/\/columbarioscristodelavictoria.archimadrid.es\/index.php?rest_route=\/wp\/v2\/users\/4"}],"replies":[{"embeddable":true,"href":"https:\/\/columbarioscristodelavictoria.archimadrid.es\/index.php?rest_route=%2Fwp%2Fv2%2Fcomments&post=15"}],"version-history":[{"count":14,"href":"https:\/\/columbarioscristodelavictoria.archimadrid.es\/index.php?rest_route=\/wp\/v2\/pages\/15\/revisions"}],"predecessor-version":[{"id":374,"href":"https:\/\/columbarioscristodelavictoria.archimadrid.es\/index.php?rest_route=\/wp\/v2\/pages\/15\/revisions\/374"}],"wp:featuredmedia":[{"embeddable":true,"href":"https:\/\/columbarioscristodelavictoria.archimadrid.es\/index.php?rest_route=\/wp\/v2\/media\/75"}],"wp:attachment":[{"href":"https:\/\/columbarioscristodelavictoria.archimadrid.es\/index.php?rest_route=%2Fwp%2Fv2%2Fmedia&parent=15"}],"curies":[{"name":"wp","href":"https:\/\/api.w.org\/{rel}","templated":true}]}}