{"id":217,"date":"2020-10-26T19:28:33","date_gmt":"2020-10-26T19:28:33","guid":{"rendered":"https:\/\/columbarioscristodelavictoria.archimadrid.es\/?page_id=217"},"modified":"2021-10-28T18:03:25","modified_gmt":"2021-10-28T18:03:25","slug":"catequesis-oraciones-y-musica","status":"publish","type":"page","link":"https:\/\/columbarioscristodelavictoria.archimadrid.es\/?page_id=217","title":{"rendered":"Indulgencias y Celebraciones por los difuntos"},"content":{"rendered":"\n<p>Esta secci\u00f3n tiene un men\u00fa desplegable donde est\u00e1 todo su contenido<\/p>\n","protected":false},"excerpt":{"rendered":"<p>Esta secci\u00f3n tiene un men\u00fa desplegable donde est\u00e1 todo su contenido<\/p>\n","protected":false},"author":5,"featured_media":0,"parent":0,"menu_order":0,"comment_status":"closed","ping_status":"closed","template":"","meta":{"footnotes":""},"class_list":["post-217","page","type-page","status-publish","hentry"],"jetpack_sharing_enabled":true,"_links":{"self":[{"href":"https:\/\/columbarioscristodelavictoria.archimadrid.es\/index.php?rest_route=\/wp\/v2\/pages\/217","targetHints":{"allow":["GET"]}}],"collection":[{"href":"https:\/\/columbarioscristodelavictoria.archimadrid.es\/index.php?rest_route=\/wp\/v2\/pages"}],"about":[{"href":"https:\/\/columbarioscristodelavictoria.archimadrid.es\/index.php?rest_route=\/wp\/v2\/types\/page"}],"author":[{"embeddable":true,"href":"https:\/\/columbarioscristodelavictoria.archimadrid.es\/index.php?rest_route=\/wp\/v2\/users\/5"}],"replies":[{"embeddable":true,"href":"https:\/\/columbarioscristodelavictoria.archimadrid.es\/index.php?rest_route=%2Fwp%2Fv2%2Fcomments&post=217"}],"version-history":[{"count":5,"href":"https:\/\/columbarioscristodelavictoria.archimadrid.es\/index.php?rest_route=\/wp\/v2\/pages\/217\/revisions"}],"predecessor-version":[{"id":310,"href":"https:\/\/columbarioscristodelavictoria.archimadrid.es\/index.php?rest_route=\/wp\/v2\/pages\/217\/revisions\/310"}],"wp:attachment":[{"href":"https:\/\/columbarioscristodelavictoria.archimadrid.es\/index.php?rest_route=%2Fwp%2Fv2%2Fmedia&parent=217"}],"curies":[{"name":"wp","href":"https:\/\/api.w.org\/{rel}","templated":true}]}}