{"id":243,"date":"2021-01-05T09:41:29","date_gmt":"2021-01-05T09:41:29","guid":{"rendered":"https:\/\/columbarioscristodelavictoria.archimadrid.es\/?page_id=243"},"modified":"2021-01-05T09:41:29","modified_gmt":"2021-01-05T09:41:29","slug":"aviso-legal","status":"publish","type":"page","link":"https:\/\/columbarioscristodelavictoria.archimadrid.es\/?page_id=243","title":{"rendered":"Aviso legal"},"content":{"rendered":"\n<p><strong>Aviso Legal<\/strong><\/p>\n\n\n\n<p>De conformidad con el art\u00edculo 10 de la Ley 34\/2002, de Servicios de la Sociedad de la Informaci\u00f3n y Comercio Electr\u00f3nico, se pone en su conocimiento que los Columbarios Parroquiales Sant\u00edsimo Cristo de la Victoria, de la Parroquia Sant\u00edsimo Cristo de la Victoria, CIF R-2800078-D, con domicilio en Calle de Blasco de Garay 33, 28015 &#8211; Madrid, tel\u00e9fono 669 766 386 y correo electr\u00f3nico columbarioscristodelavictoria@gmail.com, se identifica en Internet con el dominio columbarioscristodelavictoria.archimadrid.es sobre el que ejerce su titularidad.&nbsp;<\/p>\n\n\n\n<p>En caso de querer ponerse en contacto con el titular de la web, puede dirgirse al domicilio, tel\u00e9fono y correo electr\u00f3nico arriba indicados.<\/p>\n\n\n\n<p><strong>Aceptaci\u00f3n y vigencia de las condiciones<\/strong><\/p>\n\n\n\n<p>El acceso y la utilizaci\u00f3n de la p\u00e1gina Web le atribuye la condici\u00f3n de Usuario y supone que acepta todas las condiciones vigentes en el presente Aviso Legal.&nbsp;<\/p>\n\n\n\n<p>Columbarios Parroquiales Sant\u00edsimo Cristo de la Victoria se reserva el derecho a ampliar y modificar unilateralmente, en cualquier momento y sin previo aviso, la presentaci\u00f3n, configuraci\u00f3n, condiciones y contenidos de la p\u00e1gina Web. Si usted contin\u00faa haciendo uso de la web tras las modificaciones, se entender\u00e1 que acepta las mismas.&nbsp;<\/p>\n\n\n\n<p><strong>Condiciones de uso del sitio Web<\/strong><\/p>\n\n\n\n<p>Con car\u00e1cter general, el Usuario se compromete a:<\/p>\n\n\n\n<ul class=\"wp-block-list\"><li>Cumplir las presentes condiciones y t\u00e9rminos de uso.<\/li><li>Obrar siempre conforme a la ley, a las buenas costumbres y a las exigencias de la buena fe, empleando la diligencia adecuada a la naturaleza del servicio del que disfruta.<\/li><li>No utilizar el presente sitio web de cualquier forma que pueda impedir, da\u00f1ar o deteriorar el normal funcionamiento del mismo, los bienes o derechos del titular del resto de Usuarios o, en general, de cualquier tercero.<\/li><\/ul>\n\n\n\n<p><strong>Prohibiciones<\/strong><\/p>\n\n\n\n<p>Queda prohibido el uso de esta web con fines ilegales o no autorizados, en concreto y sin car\u00e1cter taxativo:<\/p>\n\n\n\n<ul class=\"wp-block-list\"><li>Introducir, almacenar o difundir en o desde el sitio web, cualquier informaci\u00f3n o material que fuera de car\u00e1cter racista, xen\u00f3fobo, pornogr\u00e1fico-ilegal, de apolog\u00eda del terrorismo o atentatorio contra los derechos humanos, y, en general, que vulnere la normativa vigente espa\u00f1ola y de su pa\u00eds de residencia.<\/li><li>Introducir, almacenar o difundir mediante el sitio web virus inform\u00e1ticos, archivos, c\u00f3digo, o cualquier otro fichero que sea susceptible de causar da\u00f1os o cualquier tipo de alteraci\u00f3n en esta p\u00e1gina web, en cualquiera de los servicios, o en cualquiera de los equipos, sistemas o redes de Columbarios Parroquiales Sant\u00edsimo Cristo de la Victoria, de cualquier Usuario, o en general de cualquier tercero, que pueda impedir el normal funcionamiento de estos.<\/li><li>Destruir, alterar, inutilizar o da\u00f1ar los datos, informaciones, programas, documentos electr\u00f3nicos, o, en general, los ficheros de Columbarios Parroquiales Sant\u00edsimo Cristo de la Victoria, de los Usuarios o de terceros.<\/li><\/ul>\n\n\n\n<p><strong>Responsabilidad<\/strong><\/p>\n\n\n\n<p>Columbarios Parroquiales Sant\u00edsimo Cristo de la Victoria no ser\u00e1 responsable:<\/p>\n\n\n\n<ul class=\"wp-block-list\"><li>con car\u00e1cter general, respecto del uso inadecuado de su sitio web, debiendo los usuarios realizar un uso adecuado del mismo.<\/li><li>de las alteraciones en el servicio que se produzcan por fallos en la red el\u00e9ctrica, en la red de conexi\u00f3n de datos, en el servidor o en cualesquiera prestaciones.<\/li><li>de actuaciones de terceros que, vulnerando las medidas de seguridad establecidas, accedan a los datos, informaci\u00f3n o al sistema. Columbarios Parroquiales Sant\u00edsimo Cristo de la Victoria adoptar\u00e1 las cautelas t\u00e9cnicas necesarias a fin de proteger la citada informaci\u00f3n.&nbsp;<\/li><li>de toda responsabilidad que pudiese derivarse de la contenci\u00f3n de malware en los tratamientos habilitados en la presente web. El Usuario es consciente de que debe adoptar sus propias medidas orientadas a minimizar los da\u00f1os ocasionados por software no autorizado, virus, troyanos y cualquier clase del software denominado malware.<\/li><li>del uso que terceros hagan de la informaci\u00f3n publicada en el portal, ni tampoco de los da\u00f1os sufridos que, de forma directa o indirecta, produzcan o puedan producir perjuicios por el uso de dicha informaci\u00f3n.<\/li><\/ul>\n\n\n\n<p><strong>Propiedad intelectual e industrial<\/strong><\/p>\n\n\n\n<p>La estructura, dise\u00f1o y forma de presentaci\u00f3n de los elementos disponibles en la presente web (gr\u00e1ficos, im\u00e1genes, fotograf\u00edas, muestras y materiales que aparecen en los mismos, tecnolog\u00edas industriales, ficheros, logotipos, combinaciones de colores y cualquier elemento susceptible de protecci\u00f3n) est\u00e1n protegidos por derechos de propiedad intelectual e industrial titularidad de Columbarios Parroquiales Sant\u00edsimo Cristo de la Victoria o sobre los que se han obtenido los derechos de uso correspondientes.<\/p>\n\n\n\n<p>Est\u00e1 prohibida la reproducci\u00f3n, transformaci\u00f3n, distribuci\u00f3n, comunicaci\u00f3n p\u00fablica, puesta a disposici\u00f3n del p\u00fablico y, en general, cualquier otra forma de explotaci\u00f3n, parcial o total de los elementos referidos en el apartado anterior. Su publicaci\u00f3n en otras p\u00e1ginas web o en otros medios de comunicaci\u00f3n digitales o escritos requerir\u00e1 el consentimiento expreso del titular de la web, y, en todo caso, deber\u00e1n hacer referencia expl\u00edcita a la titularidad de los citados derechos de propiedad intelectual de Columbarios Parroquiales Sant\u00edsimo Cristo de la Victoria.<\/p>\n\n\n\n<p>No se permite la utilizaci\u00f3n de los signos distintivos (marcas, nombres comerciales), salvo autorizaci\u00f3n expresa de los leg\u00edtimos titulares.<\/p>\n\n\n\n<p><strong>Hiperenlaces<\/strong><\/p>\n\n\n\n<p>El usuario que quiera introducir enlaces desde sus propias Webs a la presente P\u00e1gina Web deber\u00e1 cumplir con las condiciones que se detallan a continuaci\u00f3n sin que el desconocimiento de estas evite las responsabilidades derivadas de la Ley:<\/p>\n\n\n\n<p>Salvo autorizaci\u00f3n expresa de Columbarios Parroquiales Sant\u00edsimo Cristo de la Victoria, no se permite el enlace a \u201cp\u00e1ginas finales\u201d, el \u201cframe\u201d y cualquier otra manipulaci\u00f3n similar. Los enlaces deben ser siempre a la p\u00e1gina principal o homepage del sitio web.<\/p>\n\n\n\n<p>No se realizar\u00e1n desde la p\u00e1gina que introduce el enlace ning\u00fan tipo de manifestaci\u00f3n falsa, inexacta o incorrecta sobre Columbarios Parroquiales Sant\u00edsimo Cristo de la Victoria, su direcci\u00f3n, empleados, clientes o sobre la calidad de los servicios que presta.<\/p>\n\n\n\n<p>En ning\u00fan caso, se expresar\u00e1 en la p\u00e1gina donde se ubique el enlace que Columbarios Parroquiales Sant\u00edsimo Cristo de la Victoria ha prestado su consentimiento para la inserci\u00f3n del enlace o que de otra forma patrocina, colabora, verifica o supervisa los servicios del remitente.<\/p>\n\n\n\n<p>Est\u00e1 prohibida la utilizaci\u00f3n de cualquier marca denominativa, gr\u00e1fica o mixta o cualquier otro signo distintivo de Columbarios Parroquiales Sant\u00edsimo Cristo de la Victoria dentro de la p\u00e1gina del remitente salvo en los casos permitidos por la ley o expresamente autorizados por Columbarios Parroquiales Sant\u00edsimo Cristo de la Victoria, y siempre que se permita, en estos casos, un enlace directo con la p\u00e1gina Web.<\/p>\n\n\n\n<p>La p\u00e1gina que establezca el enlace deber\u00e1 cumplir fielmente con la ley y no podr\u00e1 en ning\u00fan caso disponer o enlazar con contenidos propios o de terceros que sean il\u00edcitos, nocivos o contrarios a la moral, a las buenas costumbres y al orden p\u00fablico; ni podr\u00e1 inducir en el Usuario la falsa concepci\u00f3n de que la Columbarios Parroquiales Sant\u00edsimo Cristo de la Victoria suscribe, respalda, se adhiere o de cualquier manera apoya, las ideas, manifestaciones o expresiones, l\u00edcitas o il\u00edcitas, del remitente<\/p>\n\n\n\n<p><strong>Jurisdicci\u00f3n y legislaci\u00f3n aplicable&nbsp;<\/strong><\/p>\n\n\n\n<p>Los t\u00e9rminos y condiciones que rigen este web y todas las relaciones que pudieran derivarse se encuentran salvaguardados por la legislaci\u00f3n espa\u00f1ola.&nbsp;<\/p>\n","protected":false},"excerpt":{"rendered":"<p>Aviso Legal De conformidad con el art\u00edculo 10 de la Ley 34\/2002, de Servicios de la Sociedad de la Informaci\u00f3n y Comercio Electr\u00f3nico, se pone en su conocimiento que los Columbarios Parroquiales Sant\u00edsimo Cristo de la Victoria, de la Parroquia Sant\u00edsimo Cristo de la Victoria, CIF R-2800078-D, con domicilio en Calle de Blasco de Garay &hellip; <\/p>\n<p class=\"link-more\"><a href=\"https:\/\/columbarioscristodelavictoria.archimadrid.es\/?page_id=243\" class=\"more-link\">Continuar leyendo<span class=\"screen-reader-text\"> \u00abAviso legal\u00bb<\/span><\/a><\/p>\n","protected":false},"author":2,"featured_media":0,"parent":0,"menu_order":0,"comment_status":"closed","ping_status":"closed","template":"","meta":{"footnotes":""},"class_list":["post-243","page","type-page","status-publish","hentry"],"jetpack_sharing_enabled":true,"_links":{"self":[{"href":"https:\/\/columbarioscristodelavictoria.archimadrid.es\/index.php?rest_route=\/wp\/v2\/pages\/243","targetHints":{"allow":["GET"]}}],"collection":[{"href":"https:\/\/columbarioscristodelavictoria.archimadrid.es\/index.php?rest_route=\/wp\/v2\/pages"}],"about":[{"href":"https:\/\/columbarioscristodelavictoria.archimadrid.es\/index.php?rest_route=\/wp\/v2\/types\/page"}],"author":[{"embeddable":true,"href":"https:\/\/columbarioscristodelavictoria.archimadrid.es\/index.php?rest_route=\/wp\/v2\/users\/2"}],"replies":[{"embeddable":true,"href":"https:\/\/columbarioscristodelavictoria.archimadrid.es\/index.php?rest_route=%2Fwp%2Fv2%2Fcomments&post=243"}],"version-history":[{"count":1,"href":"https:\/\/columbarioscristodelavictoria.archimadrid.es\/index.php?rest_route=\/wp\/v2\/pages\/243\/revisions"}],"predecessor-version":[{"id":244,"href":"https:\/\/columbarioscristodelavictoria.archimadrid.es\/index.php?rest_route=\/wp\/v2\/pages\/243\/revisions\/244"}],"wp:attachment":[{"href":"https:\/\/columbarioscristodelavictoria.archimadrid.es\/index.php?rest_route=%2Fwp%2Fv2%2Fmedia&parent=243"}],"curies":[{"name":"wp","href":"https:\/\/api.w.org\/{rel}","templated":true}]}}