{"id":57,"date":"2020-04-23T15:24:15","date_gmt":"2020-04-23T15:24:15","guid":{"rendered":"https:\/\/columbarioscristodelavictoria.archimadrid.es\/?page_id=57"},"modified":"2022-01-21T09:35:31","modified_gmt":"2022-01-21T09:35:31","slug":"la-parroquia","status":"publish","type":"page","link":"https:\/\/columbarioscristodelavictoria.archimadrid.es\/?page_id=57","title":{"rendered":"La parroquia"},"content":{"rendered":"\n<p class=\"has-text-color has-background\" style=\"background-color:#156b17;color:#ffffff\">Este magn\u00edfico templo, situado en el madrile\u00f1o barrio de Chamber\u00ed, es una obra de fe, levantada gracias a las aportaciones de una feligres\u00eda que respondi\u00f3 generosamente a la ilusi\u00f3n y el empe\u00f1o de D. Jos\u00e9 Alcocer, p\u00e1rroco constructor. Terminado y consagrado en 1963, desde aquella fecha entra\u00f1able en que abri\u00f3 sus puertas, el complejo parroquial ha sido testimonio p\u00e9treo de la intensa vida de la comunidad cristiana, no solo beneficiando a los fieles con la celebraci\u00f3n de los sacramentos, las catequesis y las obras de caridad, sino tambi\u00e9n ofreciendo constantemente en el barrio un lugar de encuentros culturales y sociales. <\/p>\n\n\n\n<p class=\"has-text-color has-background\" style=\"background-color:#d1f3d5;color:#19503c\">Entra <a href=\"https:\/\/cristodelavictoria.archimadrid.es\">aqu\u00ed en la web de la parroquia<\/a> y ver\u00e1s la vida de nuestra comunidad.<\/p>\n\n\n\n<p class=\"has-text-color has-background\" style=\"background-color:#cdf3c5;color:#205c21\">Si quieres disfrutar de algunos detalles arquitect\u00f3nicos y art\u00edsticos, de nuestra parroquia, <a href=\"https:\/\/cristodelavictoria.archimadrid.es\/nuestro-templo\/\">pulsa aqu\u00ed.<\/a> <\/p>\n","protected":false},"excerpt":{"rendered":"<p>Este magn\u00edfico templo, situado en el madrile\u00f1o barrio de Chamber\u00ed, es una obra de fe, levantada gracias a las aportaciones de una feligres\u00eda que respondi\u00f3 generosamente a la ilusi\u00f3n y el empe\u00f1o de D. Jos\u00e9 Alcocer, p\u00e1rroco constructor. Terminado y consagrado en 1963, desde aquella fecha entra\u00f1able en que abri\u00f3 sus puertas, el complejo parroquial &hellip; <\/p>\n<p class=\"link-more\"><a href=\"https:\/\/columbarioscristodelavictoria.archimadrid.es\/?page_id=57\" class=\"more-link\">Continuar leyendo<span class=\"screen-reader-text\"> \u00abLa parroquia\u00bb<\/span><\/a><\/p>\n","protected":false},"author":4,"featured_media":129,"parent":0,"menu_order":0,"comment_status":"closed","ping_status":"closed","template":"","meta":{"footnotes":""},"class_list":["post-57","page","type-page","status-publish","has-post-thumbnail","hentry"],"jetpack_sharing_enabled":true,"_links":{"self":[{"href":"https:\/\/columbarioscristodelavictoria.archimadrid.es\/index.php?rest_route=\/wp\/v2\/pages\/57","targetHints":{"allow":["GET"]}}],"collection":[{"href":"https:\/\/columbarioscristodelavictoria.archimadrid.es\/index.php?rest_route=\/wp\/v2\/pages"}],"about":[{"href":"https:\/\/columbarioscristodelavictoria.archimadrid.es\/index.php?rest_route=\/wp\/v2\/types\/page"}],"author":[{"embeddable":true,"href":"https:\/\/columbarioscristodelavictoria.archimadrid.es\/index.php?rest_route=\/wp\/v2\/users\/4"}],"replies":[{"embeddable":true,"href":"https:\/\/columbarioscristodelavictoria.archimadrid.es\/index.php?rest_route=%2Fwp%2Fv2%2Fcomments&post=57"}],"version-history":[{"count":11,"href":"https:\/\/columbarioscristodelavictoria.archimadrid.es\/index.php?rest_route=\/wp\/v2\/pages\/57\/revisions"}],"predecessor-version":[{"id":330,"href":"https:\/\/columbarioscristodelavictoria.archimadrid.es\/index.php?rest_route=\/wp\/v2\/pages\/57\/revisions\/330"}],"wp:featuredmedia":[{"embeddable":true,"href":"https:\/\/columbarioscristodelavictoria.archimadrid.es\/index.php?rest_route=\/wp\/v2\/media\/129"}],"wp:attachment":[{"href":"https:\/\/columbarioscristodelavictoria.archimadrid.es\/index.php?rest_route=%2Fwp%2Fv2%2Fmedia&parent=57"}],"curies":[{"name":"wp","href":"https:\/\/api.w.org\/{rel}","templated":true}]}}