{"id":81,"date":"2020-04-28T07:58:21","date_gmt":"2020-04-28T07:58:21","guid":{"rendered":"https:\/\/columbarioscristodelavictoria.archimadrid.es\/?page_id=81"},"modified":"2022-01-21T09:37:06","modified_gmt":"2022-01-21T09:37:06","slug":"ubicacion-de-los-columbarios","status":"publish","type":"page","link":"https:\/\/columbarioscristodelavictoria.archimadrid.es\/?page_id=81","title":{"rendered":"Ubicaci\u00f3n de la sala cineraria y horario de visitas"},"content":{"rendered":"\n<p class=\"has-text-color has-background\" style=\"background-color:#1a9eeb;color:#ffffff\">La sala cineraria de los Columbarios est\u00e1 ubicada en la tribuna del presbiterio, rodeando de este modo el altar mayor de la iglesia, y puede verse desde cualquier parte del templo, favoreciendo la oraci\u00f3n por los difuntos. <\/p>\n\n\n\n<p class=\"has-text-color has-background\" style=\"background-color:#0f84c7;color:#ffffff\">Para subir a la sala cineraria, se har\u00e1 por la sacrist\u00eda, avisando al personal. El horario de visitas ser\u00e1 mientras el templo est\u00e9 abierto, salvo cuando se est\u00e9 celebrando la Santa Misa.<\/p>\n\n\n\n<p class=\"has-text-color has-background\" style=\"background-color:#276cac;color:#f6f8f9\">ACCESIBILIDAD: entrada por Fernando el Cat\u00f3lico 45. Hay rampas y ascensor.<\/p>\n\n\n\n<p><\/p>\n","protected":false},"excerpt":{"rendered":"<p>La sala cineraria de los Columbarios est\u00e1 ubicada en la tribuna del presbiterio, rodeando de este modo el altar mayor de la iglesia, y puede verse desde cualquier parte del templo, favoreciendo la oraci\u00f3n por los difuntos. Para subir a la sala cineraria, se har\u00e1 por la sacrist\u00eda, avisando al personal. El horario de visitas &hellip; <\/p>\n<p class=\"link-more\"><a href=\"https:\/\/columbarioscristodelavictoria.archimadrid.es\/?page_id=81\" class=\"more-link\">Continuar leyendo<span class=\"screen-reader-text\"> \u00abUbicaci\u00f3n de la sala cineraria y horario de visitas\u00bb<\/span><\/a><\/p>\n","protected":false},"author":4,"featured_media":86,"parent":0,"menu_order":0,"comment_status":"closed","ping_status":"closed","template":"","meta":{"footnotes":""},"class_list":["post-81","page","type-page","status-publish","has-post-thumbnail","hentry"],"jetpack_sharing_enabled":true,"_links":{"self":[{"href":"https:\/\/columbarioscristodelavictoria.archimadrid.es\/index.php?rest_route=\/wp\/v2\/pages\/81","targetHints":{"allow":["GET"]}}],"collection":[{"href":"https:\/\/columbarioscristodelavictoria.archimadrid.es\/index.php?rest_route=\/wp\/v2\/pages"}],"about":[{"href":"https:\/\/columbarioscristodelavictoria.archimadrid.es\/index.php?rest_route=\/wp\/v2\/types\/page"}],"author":[{"embeddable":true,"href":"https:\/\/columbarioscristodelavictoria.archimadrid.es\/index.php?rest_route=\/wp\/v2\/users\/4"}],"replies":[{"embeddable":true,"href":"https:\/\/columbarioscristodelavictoria.archimadrid.es\/index.php?rest_route=%2Fwp%2Fv2%2Fcomments&post=81"}],"version-history":[{"count":14,"href":"https:\/\/columbarioscristodelavictoria.archimadrid.es\/index.php?rest_route=\/wp\/v2\/pages\/81\/revisions"}],"predecessor-version":[{"id":332,"href":"https:\/\/columbarioscristodelavictoria.archimadrid.es\/index.php?rest_route=\/wp\/v2\/pages\/81\/revisions\/332"}],"wp:featuredmedia":[{"embeddable":true,"href":"https:\/\/columbarioscristodelavictoria.archimadrid.es\/index.php?rest_route=\/wp\/v2\/media\/86"}],"wp:attachment":[{"href":"https:\/\/columbarioscristodelavictoria.archimadrid.es\/index.php?rest_route=%2Fwp%2Fv2%2Fmedia&parent=81"}],"curies":[{"name":"wp","href":"https:\/\/api.w.org\/{rel}","templated":true}]}}